{"id":2,"date":"2022-04-15T12:09:49","date_gmt":"2022-04-15T10:09:49","guid":{"rendered":"http:\/\/uwagi.ulamex.com.pl\/?page_id=2"},"modified":"2024-03-21T15:57:36","modified_gmt":"2024-03-21T14:57:36","slug":"zglos-bledy-skargi-lub-uwagi","status":"publish","type":"page","link":"https:\/\/uwagi.ulamex.com.pl\/","title":{"rendered":"Zg\u0142o\u015b b\u0142\u0119dy, skargi lub uwagi"},"content":{"rendered":"\n<div class=\"wp-block-kadence-form kadence-form-2_26f757-21 kb-form-wrap\"><form class=\"kb-form\" action=\"\" method=\"post\"><div class=\"kadence-blocks-form-field kb-field-desk-width-100 kb-input-size-standard\"><label for=\"kb_field_2_26f757-21_0\">Wybierz temat zg\u0142oszenia:<span class=\"required\">*<\/span><\/label><select name=\"kb_field_0\" id=\"kb_field_2_26f757-21_0\" data-label=\"Wybierz temat zg\u0142oszenia:\" type=\"select\" value=\"\" data-type=\"select\" class=\"kb-field kb-select-style-field kb-select-field kb-field-0\" data-required=\"yes\"><option value=\"pow\u00f3d 1\">pow\u00f3d 1<\/option><option value=\"pow\u00f3d 2\">pow\u00f3d 2<\/option><option value=\"pow\u00f3d 3\">pow\u00f3d 3<\/option><\/select><\/div><div class=\"kadence-blocks-form-field kb-form-field-1 kb-field-desk-width-100 kb-input-size-standard\"><label for=\"kb_field_2_26f757-21_1\">Numer zam\u00f3wienia<span class=\"required\">*<\/span><\/label><input name=\"kb_field_1\" id=\"kb_field_2_26f757-21_1\" data-label=\"Numer zam\u00f3wienia\" type=\"text\" placeholder=\"\" value=\"\" data-type=\"text\" class=\"kb-field kb-text-style-field kb-text-field kb-field-1\" data-required=\"yes\"\/><\/div><div class=\"kadence-blocks-form-field kb-form-field-2 kb-field-desk-width-100 kb-input-size-standard\"><label for=\"kb_field_2_26f757-21_2\">Numer faktury<span class=\"required\">*<\/span><\/label><input name=\"kb_field_2\" id=\"kb_field_2_26f757-21_2\" data-label=\"Numer faktury\" type=\"text\" placeholder=\"\" value=\"\" data-type=\"text\" class=\"kb-field kb-text-style-field kb-text-field kb-field-2\" data-required=\"yes\"\/><\/div><div class=\"kadence-blocks-form-field kb-form-field-3 kb-field-desk-width-100 kb-input-size-standard\"><label for=\"kb_field_2_26f757-21_3\">Podaj e-mail<span class=\"required\">*<\/span><\/label><input name=\"kb_field_3\" id=\"kb_field_2_26f757-21_3\" data-label=\"Podaj e-mail\" type=\"email\" placeholder=\"\" value=\"\" data-type=\"email\" class=\"kb-field kb-text-style-field kb-email-field kb-field-3\" data-required=\"yes\"\/><\/div><div class=\"kadence-blocks-form-field kb-form-field-4 kb-field-desk-width-100 kb-input-size-standard\"><label for=\"kb_field_2_26f757-21_4\">Opisz problem<span class=\"required\">*<\/span><\/label><textarea name=\"kb_field_4\" id=\"kb_field_2_26f757-21_4\" data-label=\"Opisz problem\" type=\"textarea\" placeholder=\"\" data-type=\"textarea\" class=\"kb-field kb-text-style-field kb-textarea-field kb-field-4\" rows=\"4\" data-required=\"yes\"><\/textarea><\/div><div class=\"kadence-blocks-form-field kb-form-field-5 kb-field-desk-width-100 kb-input-size-standard\"><label for=\"kb_field_2_26f757-21_5\">Pow\u00f3d reklamacji<span class=\"required\">*<\/span><\/label><input name=\"kb_field_5\" id=\"kb_field_2_26f757-21_5\" data-label=\"Pow\u00f3d reklamacji\" type=\"text\" placeholder=\"\" value=\"\" data-type=\"text\" class=\"kb-field kb-text-style-field kb-text-field kb-field-5\" data-required=\"yes\"\/><\/div><input type=\"hidden\" name=\"_kb_form_id\" value=\"2_26f757-21\"\/><input type=\"hidden\" name=\"_kb_form_post_id\" value=\"2\"\/><input type=\"hidden\" name=\"action\" value=\"kb_process_ajax_submit\"\/><input class=\"kadence-blocks-field verify\" type=\"text\" name=\"_kb_verify_email\" autocomplete=\"new-password\" aria-hidden=\"true\" placeholder=\"Email\" tabindex=\"-1\" data-1p-ignore=\"true\" data-lpignore=\"true\" \/><div class=\"kadence-blocks-form-field kb-submit-field kb-field-desk-width-100\"><button class=\"kb-forms-submit button kb-button-size-standard kb-button-width-auto\">Submit<\/button><\/div><\/form><\/div>\n<noscript><div class=\"kadence-blocks-form-message kadence-blocks-form-warning\">Please enable JavaScript in your browser to submit the form<\/div><style>.kadence-form-2_26f757-21 .kadence-blocks-form-field.kb-submit-field { display: none; }<\/style><\/noscript>\n\n\n<div class=\"wpcf7 no-js\" id=\"wpcf7-f57-o1\" lang=\"pl-PL\" dir=\"ltr\">\n<div class=\"screen-reader-response\"><p role=\"status\" aria-live=\"polite\" aria-atomic=\"true\"><\/p> <ul><\/ul><\/div>\n<form action=\"\/index.php\/wp-json\/wp\/v2\/pages\/2#wpcf7-f57-o1\" method=\"post\" class=\"wpcf7-form init\" aria-label=\"Formularz kontaktowy\" enctype=\"multipart\/form-data\" novalidate=\"novalidate\" data-status=\"init\">\n<div style=\"display: none;\">\n<input type=\"hidden\" name=\"_wpcf7\" value=\"57\" \/>\n<input type=\"hidden\" name=\"_wpcf7_version\" value=\"5.9.3\" \/>\n<input type=\"hidden\" name=\"_wpcf7_locale\" value=\"pl_PL\" \/>\n<input type=\"hidden\" name=\"_wpcf7_unit_tag\" value=\"wpcf7-f57-o1\" \/>\n<input type=\"hidden\" name=\"_wpcf7_container_post\" value=\"0\" \/>\n<input type=\"hidden\" name=\"_wpcf7_posted_data_hash\" value=\"\" \/>\n<\/div>\n<h1>Zg\u0142o\u015b b\u0142\u0119dy, skargi lub uwagi\n<\/h1>\n<div class=\"kb-form\">\n\t<div class=\"kb-form kb-input-size-standard kb-input-size-standard\">\n\t\t<p><label>Wybierz temat zg\u0142oszenia<br \/>\n<span class=\"wpcf7-form-control-wrap\" data-name=\"class:kb-field\"><select class=\"wpcf7-form-control wpcf7-select wpcf7-validates-as-required kb-select-style-field kb-select-field kb-field-0\" aria-required=\"true\" aria-invalid=\"false\" name=\"class:kb-field\"><option value=\"Reklamacja\">Reklamacja<\/option><option value=\"Zwrot\">Zwrot<\/option><\/select><\/span><br \/>\n<\/label>\n\t\t<\/p>\n\t<\/div>\n\t<div class=\"kb-form kb-input-size-standard kb-input-size-standard\">\n\t\t<p><label>Numer zam\u00f3wienia<br \/>\n<span class=\"wpcf7-form-control-wrap\" data-name=\"your-order\"><input size=\"40\" class=\"wpcf7-form-control wpcf7-text wpcf7-validates-as-required classkadence-blocks-form-field\" autocomplete=\"order\" aria-required=\"true\" aria-invalid=\"false\" value=\"\" type=\"text\" name=\"your-order\" \/><\/span> <\/label>\n\t\t<\/p>\n\t<\/div>\n\t<div class=\"kb-form kb-input-size-standard kb-input-size-standard\">\n\t\t<p><label>Numer faktury<br \/>\n<span class=\"wpcf7-form-control-wrap\" data-name=\"your-fv\"><input size=\"40\" class=\"wpcf7-form-control wpcf7-text wpcf7-validates-as-required\" autocomplete=\"fv\" aria-required=\"true\" aria-invalid=\"false\" value=\"\" type=\"text\" name=\"your-fv\" \/><\/span> <\/label>\n\t\t<\/p>\n\t<\/div>\n\t<div class=\"kb-form kb-input-size-standard kb-input-size-standard\">\n\t\t<p><label>Opisz problem<br \/>\n<span class=\"wpcf7-form-control-wrap\" data-name=\"your-problem\"><input size=\"40\" class=\"wpcf7-form-control wpcf7-text wpcf7-validates-as-required\" autocomplete=\"comment\" aria-required=\"true\" aria-invalid=\"false\" value=\"\" type=\"text\" name=\"your-problem\" \/><\/span> <\/label>\n\t\t<\/p>\n\t<\/div>\n\t<div class=\"kb-form kb-input-size-standard kb-input-size-standard\">\n\t\t<p><label>Pow\u00f3d reklamacji<br \/>\n<span class=\"wpcf7-form-control-wrap\" data-name=\"your-subject\"><input size=\"40\" class=\"wpcf7-form-control wpcf7-text wpcf7-validates-as-required\" aria-required=\"true\" aria-invalid=\"false\" value=\"\" type=\"text\" name=\"your-subject\" \/><\/span> <\/label>\n\t\t<\/p>\n\t<\/div>\n\t<div class=\"kb-form kb-input-size-standard kb-input-size-standard\">\n\t\t<p><label>Za\u0142\u0105czniki<br \/>\n<span class=\"wpcf7-form-control-wrap\" data-name=\"Znacznik\"><input size=\"40\" class=\"wpcf7-form-control wpcf7-file\" accept=\"audio\/*,video\/*,image\/*\" aria-invalid=\"false\" type=\"file\" name=\"Znacznik\" \/><\/span> <\/label>\n\t\t<\/p>\n\t<\/div>\n\t<div class=\"kb-form kb-input-size-standard kb-input-size-standard\">\n\t\t<p><input class=\"wpcf7-form-control wpcf7-submit has-spinner\" type=\"submit\" value=\"Wy\u015blij\" \/>\n\t\t<\/p>\n\t<\/div>\n<\/div><div class=\"wpcf7-response-output\" aria-hidden=\"true\"><\/div>\n<\/form>\n<\/div>\n\n","protected":false},"excerpt":{"rendered":"","protected":false},"author":1,"featured_media":0,"parent":0,"menu_order":0,"comment_status":"closed","ping_status":"closed","template":"","meta":{"_et_pb_use_builder":"off","_et_pb_old_content":"<!-- wp:paragraph -->\n<p>Ceci est une page d\u2019exemple. C\u2019est diff\u00e9rent d\u2019un article de blog parce qu\u2019elle restera au m\u00eame endroit et appara\u00eetra dans la navigation de votre site (dans la plupart des th\u00e8mes). La plupart des gens commencent par une page \u00ab&nbsp;\u00c0 propos&nbsp;\u00bb qui les pr\u00e9sente aux personnes visitant le site. Cela pourrait ressembler \u00e0 quelque chose comme cela&nbsp;:<\/p>\n<!-- \/wp:paragraph -->\n\n<!-- wp:quote -->\n<blockquote class=\"wp-block-quote\"><!-- wp:paragraph -->\n<p>Bonjour&nbsp;! Je suis un m\u00e9canicien qui aspire \u00e0 devenir acteur, et voici mon site. J\u2019habite \u00e0 Bordeaux, j\u2019ai un super chien baptis\u00e9 Russell, et j\u2019aime la vodka (ainsi qu\u2019\u00eatre surpris par la pluie soudaine lors de longues balades sur la plage au coucher du soleil).<\/p>\n<!-- \/wp:paragraph --><\/blockquote>\n<!-- \/wp:quote -->\n\n<!-- wp:paragraph -->\n<p>\u2026ou quelque chose comme cela&nbsp;:<\/p>\n<!-- \/wp:paragraph -->\n\n<!-- wp:quote -->\n<blockquote class=\"wp-block-quote\"><!-- wp:paragraph -->\n<p>La soci\u00e9t\u00e9 123 Machin Truc a \u00e9t\u00e9 cr\u00e9\u00e9e en 1971, et n\u2019a cess\u00e9 de proposer au public des machins-trucs de qualit\u00e9 depuis lors. Situ\u00e9e \u00e0 Saint-Remy-en-Bouzemont-Saint-Genest-et-Isson, 123 Machin Truc emploie 2 000 personnes, et fabrique toutes sortes de bidules supers pour la communaut\u00e9 bouzemontoise.<\/p>\n<!-- \/wp:paragraph --><\/blockquote>\n<!-- \/wp:quote -->\n\n<!-- wp:paragraph -->\n<p>En tant que nouvel utilisateur ou utilisatrice de WordPress, vous devriez vous rendre sur <a href=\"http:\/\/uwagi.ulamex.com.pl\/wp-admin\/\">votre tableau de bord<\/a> pour supprimer cette page et cr\u00e9er de nouvelles pages pour votre contenu. Amusez-vous bien&nbsp;!<\/p>\n<!-- \/wp:paragraph -->","_et_gb_content_width":"","footnotes":""},"class_list":["post-2","page","type-page","status-publish","hentry"],"_links":{"self":[{"href":"https:\/\/uwagi.ulamex.com.pl\/index.php\/wp-json\/wp\/v2\/pages\/2","targetHints":{"allow":["GET"]}}],"collection":[{"href":"https:\/\/uwagi.ulamex.com.pl\/index.php\/wp-json\/wp\/v2\/pages"}],"about":[{"href":"https:\/\/uwagi.ulamex.com.pl\/index.php\/wp-json\/wp\/v2\/types\/page"}],"author":[{"embeddable":true,"href":"https:\/\/uwagi.ulamex.com.pl\/index.php\/wp-json\/wp\/v2\/users\/1"}],"replies":[{"embeddable":true,"href":"https:\/\/uwagi.ulamex.com.pl\/index.php\/wp-json\/wp\/v2\/comments?post=2"}],"version-history":[{"count":17,"href":"https:\/\/uwagi.ulamex.com.pl\/index.php\/wp-json\/wp\/v2\/pages\/2\/revisions"}],"predecessor-version":[{"id":58,"href":"https:\/\/uwagi.ulamex.com.pl\/index.php\/wp-json\/wp\/v2\/pages\/2\/revisions\/58"}],"wp:attachment":[{"href":"https:\/\/uwagi.ulamex.com.pl\/index.php\/wp-json\/wp\/v2\/media?parent=2"}],"curies":[{"name":"wp","href":"https:\/\/api.w.org\/{rel}","templated":true}]}}